{"id":115,"date":"2024-04-21T14:52:41","date_gmt":"2024-04-21T14:52:41","guid":{"rendered":"https:\/\/freie-waehler-lauchringen.de\/?page_id=115"},"modified":"2024-06-12T09:50:34","modified_gmt":"2024-06-12T09:50:34","slug":"presse","status":"publish","type":"page","link":"https:\/\/freie-waehler-lauchringen.de\/?page_id=115","title":{"rendered":"Presse"},"content":{"rendered":"\n<h1 class=\"wp-block-heading\">10.06.2024<br>Danke f\u00fcr Ihr Vertrauen!<\/h1>\n\n\n\n<p>Liebe W\u00e4hlerinnen und W\u00e4hler, <br>f\u00fcr das den Freie W\u00e4hler entgegengebrachte gro\u00dfe Vertrauen bedanken wir uns ganz herzlich. Wir freuen uns auf unsere neue Gemeinder\u00e4tin und Gemeinder\u00e4te <strong>Petra Feuch, Peter von Roth und Patrick Bergdorf<\/strong>.<br>Alle bisherigen Gemeinder\u00e4te, die sich wieder zur Wahl gestellt haben, sind mit gro\u00dfem Stimmenzuwachs wiedergew\u00e4hlt worden: <strong>Tanja Steinegger, Michael Brockmann, Oliver Roters und Ulrich Sch\u00e4fer<\/strong>. Wir gratulieren allen ganz herzlich.<\/p>\n\n\n\n<p>Vielen Dank an alle Kandidaten, die sich zur Wahl gestellt haben. Nur dadurch war dieses gute Ergebnis m\u00f6glich.<\/p>\n\n\n\n<p>Wenden Sie sich jederzeit mit Ihren Anliegen an uns. Wir haben stets ein offenes Ohr f\u00fcr alle Lauchringer.<\/p>\n\n\n\n<p>Ihre Freie W\u00e4hler Lauchringen <br>Rainer H\u00f6hl<br><\/p>\n\n\n\n<h1 class=\"wp-block-heading\">23.05.2024<br>Freie W\u00e4hler mit gro\u00dfer Resonanz<\/h1>\n\n\n\n<p>Dritte Besichtigung mit Kandidatenvorstellung der Freien W\u00e4hler Lauchringen st\u00f6\u00dft auf gro\u00dfes Interesse bei der B\u00fcrgerschaft.<\/p>\n\n\n\n<p>Zuerst boten die Freien W\u00e4hler Lauchringen die Besichtigungen bei der Lebenshilfe S\u00fcdschwarzwald im Riedpark und der Alten Schlosserei auf dem Lauffenm\u00fchle-Areal an. Diese waren jeweils mit Vorstellung der Kandidatinnen und Kandidaten f\u00fcr die Gemeinderatswahl im Juni verbunden.<\/p>\n\n\n\n<p>Der dritte Termin fand dann die gr\u00f6\u00dfte Resonanz mit rund 70 Mitb\u00fcrgerinnen und Mitb\u00fcrgern. Hier waren gleich zwei Besichtigungen angeboten. Zuerst f\u00fchrte J\u00fcrgen Friedrich vom Bauamt die Besucher informativ und faktenreich durch die Gemeindehalle Oberlauchringen. Er konnte berichten, dass sich die Renovierungsma\u00dfnahmen im Zeitplan befinden und die Halle zum Schuljahresbeginn im September wieder in Betrieb gehen soll. Nur wenige Wochen sp\u00e4ter soll auch das Gmeindshus am Lindenplatz seine Pforten \u00f6ffnen. Bauamtsleiter Roland Morawczik stellte hier fachkundig die laufenden Um- und Anbauma\u00dfnahmen des denkmalgesch\u00fctzten Geb\u00e4udes sowie die Neugestaltung der Au\u00dfenanlagen vor. Die vielseitige Nutzung mit Caf\u00e9, Marktscheune, Postagentur, Mediathek, Co-Working-R\u00e4umen und B\u00fcrgersaal d\u00fcrfte zu einer deutlichen Belebung der Ortsmitte f\u00fchren. Bei der anschlie\u00dfenden Kandidatenvorstellung gab es dann auch ausnahmslos viel Lob f\u00fcr die beiden zukunftsweisenden Projekte. Ohne die konsequente Gewinnung von F\u00f6rdermitteln, f\u00fcr die sich auch die Freien W\u00e4hler Lauchringen im Gemeinderat eingesetzt haben, w\u00e4ren diese aber kaum finanziell stemmbar gewesen. Weitere Projekte und Herausforderungen der Kommune wurden zum Abschluss in einer Fragerunde intensiv diskutiert.<\/p>\n\n\n\n<p>Die Freien W\u00e4hler Lauchringen gehen somit gut ger\u00fcstet und mit viel R\u00fcckenwind und Zuspruch von den B\u00fcrgerinnen und B\u00fcrgern in die anstehenden Kommunalwahlen.<\/p>\n\n\n\n<figure class=\"wp-block-image size-large is-resized\"><img loading=\"lazy\" decoding=\"async\" width=\"1024\" height=\"768\" src=\"https:\/\/freie-waehler-lauchringen.de\/wp-content\/uploads\/2024\/05\/fw_150524-1024x768.jpg\" alt=\"\" class=\"wp-image-132\" style=\"width:412px;height:auto\" srcset=\"https:\/\/freie-waehler-lauchringen.de\/wp-content\/uploads\/2024\/05\/fw_150524-1024x768.jpg 1024w, https:\/\/freie-waehler-lauchringen.de\/wp-content\/uploads\/2024\/05\/fw_150524-300x225.jpg 300w, https:\/\/freie-waehler-lauchringen.de\/wp-content\/uploads\/2024\/05\/fw_150524-768x576.jpg 768w, https:\/\/freie-waehler-lauchringen.de\/wp-content\/uploads\/2024\/05\/fw_150524-1536x1152.jpg 1536w, https:\/\/freie-waehler-lauchringen.de\/wp-content\/uploads\/2024\/05\/fw_150524-400x300.jpg 400w, https:\/\/freie-waehler-lauchringen.de\/wp-content\/uploads\/2024\/05\/fw_150524.jpg 1600w\" sizes=\"(max-width: 1024px) 100vw, 1024px\" \/><\/figure>\n\n\n\n<h1 class=\"wp-block-heading\">18.05.2024<br>Kandidaten stellen sich vor<\/h1>\n\n\n\n<p>Die Freien W\u00e4hler haben sich \u00fcber Lauchringer Projekte und Einrichtungen informiert und dabei ihre Kandidaten f\u00fcr die Gemeinderatswahl vorgestellt. Der erste von drei Terminen f\u00fchrte die Freien W\u00e4hler laut ihrer Mitteilung zur Lebenshilfe S\u00fcdschwarzwald im Riedpark. Cornelia Z\u00fchlke-Martin, Susanne Kick und Judith Korhummel von der Lebenshilfe stellten ihren Verein mit dem interdisziplin\u00e4ren Beratungs- und Fr\u00fchf\u00f6rderzentrum vor und f\u00fchrten danach in drei Gruppen durch die R\u00e4umlichkeiten. Alle Besucher zeigten sich angetan von der guten r\u00e4umlichen Ausstattung und der wertvollen Arbeit, vor allem in der Kleinkindf\u00f6rderung.<\/p>\n\n\n\n<p>Mit weiteren Einrichtungen wie beispielsweise dem Familienzentrum und der Tagesklinik f\u00fcr Kinder- und Jugendpsychiatrie zeigt sich Lauchringen in diesem Bereich sehr gut aufgestellt. Anschlie\u00dfend konnten sich die 18 Kandidaten den interessierten B\u00fcrgern Lauchringens vorstellen. Ein Umtrunk und Austausch \u00fcber die gewonnenen Eindr\u00fccke rundete den Abend ab.<\/p>\n\n\n\n<p>Eine Woche sp\u00e4ter stand der Besuch des Lauffenm\u00fchle-Areals auf dem Programm. Schwerpunkt war die Besichtigung der alten Schlosserei. Franz Furmaniak, Gesch\u00e4ftsf\u00fchrer der Firma Wolf &amp; Wolf und Organisator der weltgr\u00f6\u00dften Spezialradmesse, sowie Maximilian Bartosch, Vorstand des Vereins Schauplatz, f\u00fchrten durch die historischen R\u00e4ume. Selbst Kenner des denkmalgesch\u00fctzten Geb\u00e4udes erhielten dabei laut Mitteilung neue Einblicke. Fraktionssprecher Oliver Roters habe danach den Bogen zum Stand des st\u00e4dtebaulichen Rahmenplans f\u00fcr das gesamte Lauffenm\u00fchle-Areal gespannt. Der zweite Teil des Abends beinhaltete wieder die Kandidatenvorstellung und vertiefende Gespr\u00e4che. Die dritte Besichtigung f\u00fchrte die Kandidaten in die Gemeindehalle Oberlauchringen und in das Gmeindshus am Lindenplatz.<\/p>\n\n\n\n<p>Im Lauchringer Gemeinderat sind die Freien W\u00e4hler mit sieben Sitzen die st\u00e4rkste Fraktion. Ziel sei, die positive Entwicklung Lauchringens auch k\u00fcnftig aktiv, parteiunabh\u00e4ngig, sachbezogen und b\u00fcrgerorientiert mitzugestalten, hei\u00dft es abschlie\u00dfend.<\/p>\n\n\n\n<h1 class=\"wp-block-heading\">15.03.2024<br>Kandidatenliste mit hohem Frauenanteil<\/h1>\n\n\n\n<p>Freie W\u00e4hler Lauchringen sind f\u00fcr die Gemeinderatswahl im Juni ger\u00fcstet<\/p>\n\n\n\n<p>Nach einer vorbereitenden Sitzung mit allen Kandidatinnen und Kandidaten sowie weiteren Unterst\u00fctzern konnten die Freien W\u00e4hler Lauchringen in der Nominierungsversammlung eine komplette 18-k\u00f6pfige Liste pr\u00e4sentieren und w\u00e4hlen. Der erste B\u00fcrgermeister-Stellvertreter Rainer H\u00f6hl fungierte dabei als Wahlleiter. Anschlie\u00dfend bedankte sich Fraktionssprecher Oliver Roters nochmals bei allen f\u00fcr die Bereitschaft zur Kandidatur. Besonders zufrieden zeigte er sich mit den acht Kandidatinnen: \u201eDie Kommunalpolitik muss weiblicher werden. Ein h\u00f6herer Frauenanteil auf unserer Liste der Freien W\u00e4hler Lauchringen ist die Grundlage hierf\u00fcr\u201c.<\/p>\n\n\n\n<p>Durch die teilweise wenig kommunalorientierte Bundes- und Landespolitik, sind die Herausforderungen f\u00fcr die Gemeinden weiter gewachsen. Die bisher erarbeiteten guten Grundlagen und M\u00f6glichkeiten f\u00fcr Lauchringen werden von den Freien W\u00e4hlern gesehen und umgesetzt.<\/p>\n\n\n\n<p>Mit dem Lauffenm\u00fchle-Areal besteht die einmalige Chance, inner\u00f6rtlich neuen, dringend ben\u00f6tigten und \u00f6kologischen Wohnraum zu schaffen. Auch beispielsweise in den Bereichen Kinderbetreuung, Mobilit\u00e4t und W\u00e4rmeversorgung sind die bisherigen Konzepte nachhaltig anzupassen und weiterzuentwickeln. Die Themen werden also im Gegensatz zu den finanziellen Mitteln nicht weniger, der effiziente Einsatz derer somit noch wichtiger. Die Freien W\u00e4hler sehen darin eine Herausforderung, auf die Sie sich freuen und die Sie mit gro\u00dfer Motivation und Kompetenz in der Umsetzung begleiten werden.<\/p>\n\n\n\n<p>Im Lauchringer Gemeinderat sind die Freien W\u00e4hler bisher als st\u00e4rkste Fraktion mit sieben Mitgliedern vertreten, vier davon kandidieren f\u00fcr eine weitere Amtszeit: Tanja Steinegger, Ulrich Sch\u00e4fer, Michael Brockmann und Oliver Roters. Die positive Entwicklung Lauchringens soll auch k\u00fcnftig aktiv, parteiunabh\u00e4ngig, sachbezogen und b\u00fcrgerorientiert mitgestaltet werden. Das gute Zusammenwirken mit Verwaltung, B\u00fcrgermeister und den anderen Fraktionen sehen die Freien W\u00e4hler als Basis hierf\u00fcr.<\/p>\n","protected":false},"excerpt":{"rendered":"<p>10.06.2024Danke f\u00fcr Ihr Vertrauen! Liebe W\u00e4hlerinnen und W\u00e4hler, f\u00fcr das den Freie W\u00e4hler entgegengebrachte gro\u00dfe Vertrauen bedanken wir uns ganz herzlich. Wir freuen uns auf unsere neue Gemeinder\u00e4tin und Gemeinder\u00e4te Petra Feuch, Peter von Roth und Patrick Bergdorf.Alle bisherigen Gemeinder\u00e4te, &hellip; <a href=\"https:\/\/freie-waehler-lauchringen.de\/?page_id=115\">Weiterlesen <span class=\"meta-nav\">&rarr;<\/span><\/a><\/p>\n","protected":false},"author":1,"featured_media":0,"parent":0,"menu_order":0,"comment_status":"closed","ping_status":"closed","template":"","meta":{"_ti_tpc_template_sync":false,"_ti_tpc_template_id":"","footnotes":""},"_links":{"self":[{"href":"https:\/\/freie-waehler-lauchringen.de\/index.php?rest_route=\/wp\/v2\/pages\/115"}],"collection":[{"href":"https:\/\/freie-waehler-lauchringen.de\/index.php?rest_route=\/wp\/v2\/pages"}],"about":[{"href":"https:\/\/freie-waehler-lauchringen.de\/index.php?rest_route=\/wp\/v2\/types\/page"}],"author":[{"embeddable":true,"href":"https:\/\/freie-waehler-lauchringen.de\/index.php?rest_route=\/wp\/v2\/users\/1"}],"replies":[{"embeddable":true,"href":"https:\/\/freie-waehler-lauchringen.de\/index.php?rest_route=%2Fwp%2Fv2%2Fcomments&post=115"}],"version-history":[{"count":4,"href":"https:\/\/freie-waehler-lauchringen.de\/index.php?rest_route=\/wp\/v2\/pages\/115\/revisions"}],"predecessor-version":[{"id":139,"href":"https:\/\/freie-waehler-lauchringen.de\/index.php?rest_route=\/wp\/v2\/pages\/115\/revisions\/139"}],"wp:attachment":[{"href":"https:\/\/freie-waehler-lauchringen.de\/index.php?rest_route=%2Fwp%2Fv2%2Fmedia&parent=115"}],"curies":[{"name":"wp","href":"https:\/\/api.w.org\/{rel}","templated":true}]}}